{"id":672,"date":"2024-11-23T18:18:39","date_gmt":"2024-11-23T18:18:39","guid":{"rendered":"https:\/\/euroetika.com\/en\/?page_id=672"},"modified":"2025-03-04T21:49:18","modified_gmt":"2025-03-04T21:49:18","slug":"personal-data-processing-policy","status":"publish","type":"page","link":"https:\/\/euroetika.com\/en\/personal-data-processing-policy\/","title":{"rendered":"Personal data processing policy"},"content":{"rendered":"\t\t<div data-elementor-type=\"wp-page\" data-elementor-id=\"672\" class=\"elementor elementor-672\" data-elementor-settings=\"{&quot;ha_cmc_init_switcher&quot;:&quot;no&quot;}\" data-elementor-post-type=\"page\">\n\t\t\t\t<div class=\"elementor-element elementor-element-3131c33 e-flex e-con-boxed e-con e-parent\" data-id=\"3131c33\" data-element_type=\"container\" data-settings=\"{&quot;jet_parallax_layout_list&quot;:[]}\">\n\t\t\t\t\t<div class=\"e-con-inner\">\n\t\t\t\t<div class=\"elementor-element elementor-element-40b61d5 elementor-widget elementor-widget-jet-breadcrumbs\" data-id=\"40b61d5\" data-element_type=\"widget\" data-widget_type=\"jet-breadcrumbs.default\">\n\t\t\t\t<div class=\"elementor-widget-container\">\n\t\t\t\t\t<div class=\"elementor-jet-breadcrumbs jet-blocks\">\n\t\t<div class=\"jet-breadcrumbs\">\n\t\t<div class=\"jet-breadcrumbs__content\">\n\t\t<div class=\"jet-breadcrumbs__wrap\"><div class=\"jet-breadcrumbs__item\"><a href=\"https:\/\/euroetika.com\/en\/\" class=\"jet-breadcrumbs__item-link is-home\" rel=\"home\" title=\"Home\">Home<\/a><\/div>\n\t\t<\/div>\n\t\t<\/div>\n\t\t<\/div><\/div>\t\t\t\t<\/div>\n\t\t\t\t<\/div>\n\t\t\t\t\t<\/div>\n\t\t\t\t<\/div>\n\t\t<div class=\"elementor-element elementor-element-8850f66 e-flex e-con-boxed e-con e-parent\" data-id=\"8850f66\" data-element_type=\"container\" data-settings=\"{&quot;jet_parallax_layout_list&quot;:[]}\">\n\t\t\t\t\t<div class=\"e-con-inner\">\n\t\t\t\t<div class=\"elementor-element elementor-element-2cabcc0 elementor-widget elementor-widget-heading\" data-id=\"2cabcc0\" data-element_type=\"widget\" data-widget_type=\"heading.default\">\n\t\t\t\t<div class=\"elementor-widget-container\">\n\t\t\t\t\t<h2 class=\"elementor-heading-title elementor-size-default\">Pol\u00edtica de tratamiento de datos personales<\/h2>\t\t\t\t<\/div>\n\t\t\t\t<\/div>\n\t\t\t\t<div class=\"elementor-element elementor-element-66523d0 elementor-widget elementor-widget-text-editor\" data-id=\"66523d0\" data-element_type=\"widget\" data-widget_type=\"text-editor.default\">\n\t\t\t\t<div class=\"elementor-widget-container\">\n\t\t\t\t\t\t\t\t\t<p><strong>I. OBJETO<\/strong><br \/>\u2028La presente pol\u00edtica expedida por Euroetika SAS para el tratamiento de datos personales tiene el prop\u00f3sito de dar un tratamiento legal a las bases de datos personales para el estricto cumplimiento de la ley 1581 del 2012, decreto 1377 del 2013, decreto 886 del 2014 y dem\u00e1s normas que los modifiquen, aclaren y\/o complementen, para permitir que los titulares de los datos personales conozcan sus derechos y la forma de ejecutarlos. De esta forma nuestra pol\u00edtica aplicar\u00e1 a todos los datos personales que se encuentren registrados en Euroetika SAS y que sean objeto de dicho tratamiento.<\/p><p><strong>II. RESPONSABLE<\/strong><\/p><p>Raz\u00f3n Social:\u00a0Euroetika SAS.<br \/>Direcci\u00f3n:\u00a0Calle 73 # 22 60<br \/>Ciudad:\u00a0Bogot\u00e1<br \/>Direcci\u00f3n electr\u00f3nica:\u00a0habeasdata@euroetika.com<br \/>Tel\u00e9fono:\u00a02170066<br \/>Encargado:\u00a0\u00c1rea Legal<\/p><p><strong>III. ALCANCE<\/strong><br \/>\u2028La presente pol\u00edtica de tratamiento de datos personales est\u00e1 dirigida a socios, clientes, trabajadores, proveedores y contratistas de Euroetika SAS cuyos datos personales se encuentran incl\/uidos en las bases de datos de esta empresa.<\/p><p><strong>IV. VIGENCIA<\/strong><br \/>\u2028La presente pol\u00edtica rige a partir del 1 de agosto de 2016, recopilando y actualizando las anteriores normas que entraron en vigencia previamente a esta fecha.<\/p><p><strong>V. DEFINICIONES<\/strong><br \/><strong>\u2028Base de datos:<\/strong>\u00a0Conjunto organizado de datos personales que sea objeto de tratamiento. Euroetika SAS cuenta con diferentes bases de datos, las cuales est\u00e1n sujetas a la aplicaci\u00f3n de la normatividad prevista por la ley 1581 del 2012 y dem\u00e1s normas concordantes, complementarias y\/o aclaratorias.<\/p><p><strong>Dato personal:<\/strong>\u00a0Cualquier informaci\u00f3n vinculada o que pueda asociarse a una o varias personas naturales determinadas o determinables. Sin embargo ciertos datos personales hacen parte de documentos de p\u00fablico conocimiento como son los incluidos en el Registro civil de nacimiento, Registro civil de matrimonio, etc.<\/p><p><strong>Titular: <\/strong>Persona natural cuyos datos personales sean objeto de tratamiento.<\/p><p><strong>Tratamiento:<\/strong>\u00a0Cualquier operaci\u00f3n o conjunto de operaciones sobre datos personales tales como la recolecci\u00f3n, almacenamiento, uso, circulaci\u00f3n o supresi\u00f3n de la misma.<\/p><p><strong>Encargado del tratamiento:<\/strong>\u00a0Persona natural o jur\u00eddica, p\u00fablica o privada que por s\u00ed misma o en asocio con otros, realice el tratamiento de datos personales por cuenta del responsable del tratamiento.<br \/>\u2028Responsable del<\/p><p><strong>Tratamiento:<\/strong>\u00a0Persona natural o jur\u00eddica, p\u00fablica o privada que por s\u00ed misma o en asocio con otros decida sobre la base de datos y\/o sobre el tratamiento de los mismos.\u2028Para todos los efectos del presente, se entiende por:<br \/>\u20281. Autorizaci\u00f3n:\u00a0Consentimiento previo, expreso e informado del titular para llevar a cabo el tratamiento de sus datos personales.\u20282. Aviso de privacidad:\u00a0Es la comunicaci\u00f3n verbal o escrita emanada del responsable y dirigida al titular para notificarle acerca de la existencia de las pol\u00edticas para el manejo y tratamiento de sus datos personales.<\/p><p><strong>VI. PRINCIPIOS<\/strong><br \/>En el desarrollo, interpretaci\u00f3n y aplicaci\u00f3n de la normatividad vigente para el tratamiento de datos personales se dar\u00e1 aplicaci\u00f3n a los siguientes principios:<\/p><ol><li>Legalidad: el tratamiento a que se refiere la ley 1581 del 2012 es una actividad regulada y que Euroetika SAS debe sujetarse a lo establecido en ella y a las dem\u00e1s normas pertinentes.<\/li><li>Finalidad: el tratamiento de los datos personales recolectados por Euroetika SAS tienen por objeto un fin que ser\u00e1 comunicado a su titular.<\/li><li>Libertad: el tratamiento de datos personales estar\u00e1 siempre precedido del consentimiento previo, expreso e informado por parte del titular. No es posible obtener o divulgar los mismos sin previa autorizaci\u00f3n o en ausencia de mandato legal o judicial que releve el consentimiento.<\/li><li>Veracidad: los datos personales que suministre el titular y que Euroetika SAS del tratamiento de base de datos deber\u00e1n ser veraces, completos, exactos, actualizados comprobables y comprensibles. Se proh\u00edbe el tratamiento de datos parciales, incompletos, fraccionados o que induzcan al error.<\/li><li>Transparencia: Euroetika SAS garantizara a su titular el derecho a obtener del responsable o del encargado del tratamiento, informaci\u00f3n acerca de la existencia de datos que le concierne, en cualquier momento y sin restricciones.<\/li><li>Acceso y circulaci\u00f3n restringida: los datos personales obtenidos por Euroetika SAS, exceptuando aquellos que sean p\u00fablicos no estar\u00e1n disponibles en internet ni en otro medio de comunicaci\u00f3n masiva a excepci\u00f3n de aquellos eventos en los cuales son t\u00e9cnicamente controlables para brindar un conocimiento restringido a sus titulares o a terceros autorizados conforme a la ley.<\/li><li>Seguridad: Euroetika SAS adoptara las medidas t\u00e9cnicas, humanas y administrativas necesarias para garantizar la seguridad necesaria a las bases de datos objeto de tratamiento con el fin de evitar su adulteraci\u00f3n, p\u00e9rdida, consulta, uso o acceso no autorizado o fraudulento.<\/li><li>Confidencialidad: Todos los colaboradores de Euroetika SAS que intervienen en el tratamiento de las bases de datos personales, se encuentran obligados a garantizar la reserva de la informaci\u00f3n.<\/li><\/ol><p>\u00a0<\/p><p><strong>VII. TRATAMIENTO AL CUAL SER\u00c1N SOMETIDOS LOS DATOS PERSONALES<\/strong><\/p><ol><li>El tratamiento se refiere a la recolecci\u00f3n, almacenamiento, administraci\u00f3n, utilizaci\u00f3n, transferencia, transmisi\u00f3n y destrucci\u00f3n de datos personales. Euroetika SAS puede demandar, transmitir o transferir algunos datos personales a sus representados lo cual se realizar\u00e1 en estricto cumplimento de la normatividad.<\/li><li>En atenci\u00f3n al objeto y para facilitar el cumplimiento de las obligaciones legales a su cargo Euroetika SAS realiza directamente o a trav\u00e9s de contratistas o mandatarios, el uso de datos personales de empleados, proveedores personas naturales, contratistas personas naturales, pacientes y m\u00e9dicos.<\/li><li>Para realizar el tratamiento es necesaria la autorizaci\u00f3n del titular, la cual podr\u00e1 constar: a) por escrito, b) de forma oral oc) mediante conducta inequ\u00edvoca del titular que permita concluir que concedi\u00f3 la autorizaci\u00f3n; en caso alguno el silencio puede asimilarse a una conducta inequ\u00edvoca.<\/li><li>Euroetika SAS conservar\u00e1 los registros y tendr\u00e1 los mecanismos necesarios para constatar cu\u00e1ndo y c\u00f3mo se obtuvo la autorizaci\u00f3n por parte del titular de sus datos personales para realizar el tratamiento.<\/li><\/ol><p>\u00a0<\/p><p>La finalidad del tratamiento de datos personales est\u00e1 supeditado a la clase de datos en particular:<\/p><ol><li><strong>Personas con vinculaci\u00f3n laboral:\u00a0<\/strong>Euroetika SAS requiere durante el v\u00ednculo laboral y despu\u00e9s de su terminaci\u00f3n para el cumplimiento de obligaciones legales laborales a su cargo como n\u00f3mina, pagos y reportes al sistema de seguridad social (salud, pensi\u00f3n, ARL etc.), atenci\u00f3n de consultas, peticiones, solicitudes, reclamos hechas por el titular de la informaci\u00f3n o por sus herederos, o por cualquier entidad a la que el titular est\u00e9 o hubiere estado vinculado.<\/li><li><strong>Tratamiento de datos de m\u00e9dicos:<\/strong>\u00a0Euroetika SAS puede contactar con alguna frecuencia al cuerpo m\u00e9dico bien sea telef\u00f3nica, electr\u00f3nica, personalmente o por cualquier otro medio para entregarles informaci\u00f3n cient\u00edfica y\/o brindarles informaci\u00f3n relacionada con temas de salud y\/o manejo de enfermedades.<\/li><li><strong>Tratamiento de datos personales de proveedores y contratistas:<\/strong>\u00a0siempre y cuando sean personas naturales se requiere mientras exista la relaci\u00f3n comercial y despu\u00e9s de terminada esta, con el fin de proveer el cumplimiento a las obligaciones contractuales a cargo de Euroetika SAS, tales como reconocimiento y pago de honorarios, elaboraci\u00f3n de reportes que por ley se tiene la obligaci\u00f3n de realizar, peticiones, solicitudes, reclamaciones elevadas por el titular de la informaci\u00f3n.<\/li><li><strong>Tratamiento de datos personales de clientes:<\/strong>\u00a0son las bases de datos que contienen datos de las personas naturales que mantienen un v\u00ednculo comercial, cuyo tratamiento tiene como finalidad comercial para la venta de bienes de Euroetika SAS.<\/li><li><strong>Tratamiento de datos de pacientes:<\/strong>\u00a0el tratamiento de datos personales de pacientes se requiere mientras existan los programas previstos en beneficio de estos y ser\u00e1n conservados por Euroetika SAS por el t\u00e9rmino de tiempo que la ley le exige. De esta forma Euroetika SAS puede contactar con alguna frecuencia a los pacientes v\u00eda telef\u00f3nica, electr\u00f3nica, personalmente o por cualquier otro medio de comunicaci\u00f3n para brindarles informaci\u00f3n o apoyo de tipo educativo, bien sea con tipos de salud o manejo de enfermedades.<\/li><li>Se entiende por datos sensibles los que afectan la intimidad del titular o cuyo uso indebido pueda generar discriminaci\u00f3n. Los datos relativos a la salud son datos considerados sensibles por la ley, sobre los cuales el titular tiene el derecho de abstenerse a dar su consentimiento para el tratamiento de estos.<\/li><li>Euroetika SAS se obliga a mantener la confidencialidad de los datos personales durante el t\u00e9rmino que le impone la ley y solamente los divulgar\u00e1 en cumplimiento de solicitudes judiciales y\/o entidades de vigilancia y control siempre y cuando tengan esta facultad.<\/li><\/ol><p>\u00a0<\/p><p><strong>VIII. DERECHOS DE LOS TITULARES DE DATOS PERSONALES<\/strong><br \/>Seg\u00fan la ley se tiene los siguientes derechos:<\/p><ul><li>Conocer, actualizar y rectificar sus datos personales frente a los responsables del tratamiento entre otros por datos parciales, inexactos, incompletos, fraccionados que induzcan a error, o aquellos cuyo tratamiento est\u00e9 expresamente prohibido o no haya sido autorizado.<\/li><li>Solicitar prueba de la autorizaci\u00f3n otorgada siempre y cuando no sea requerida de conformidad con lo establecido en el art\u00edculo 10 de la ley 1581 del 2012.<\/li><li>Ser informado por el responsable previa solicitud, respecto al uso que le ha dado a sus datos personales.<\/li><li>Presentar\u00e1 ante la superintendencia de industria y comercio quejas por infracciones a lo dispuesto en la ley 1581 del 2012 y dem\u00e1s normas concordantes.<\/li><li>Revocar la autorizaci\u00f3n y\/o solicitar la supresi\u00f3n parcial o total del dato cuando en el tratamiento no se respeten los principios, derechos y garant\u00edas constitucionales y legales. La revocatoria y\/o supresi\u00f3n proceder\u00e1 cuando la superintendencia de industria y comercio haya determinado que en el tratamiento el responsable o encargado han incurrido en conductas contrarias a la normatividad vigente sobre la materia.<\/li><li>Acceder en forma gratuita a sus datos personales que hayan sido objeto de tratamiento.<\/li><\/ul><p>\u00a0<\/p><p><strong>IX. OBLIGACIONES DEL RESPONSABLE DEL TRATAMIENTO DE DATOS PERSONALES<\/strong><\/p><p>El responsable del tratamiento al momento de solicitar al titular la autorizaci\u00f3n, por cualquier medio, le informara lo siguiente:<\/p><ol><li>El tratamiento al cual ser\u00e1 sometido sus datos personales y la finalidad.<\/li><li>Los derechos que le asisten como titular.<\/li><li>Suministrar al titular la identificaci\u00f3n, direcci\u00f3n f\u00edsica o electr\u00f3nica y el tel\u00e9fono del responsable.<\/li><li>El car\u00e1cter facultativo de la respuesta a las preguntas, cuando estas versen sobre datos de ni\u00f1as, ni\u00f1os y adolescentes.<\/li><\/ol><p>\u00a0<\/p><p><strong>X. PROCEDIMIENTO PARA EJERCER POR PARTE DE LOS TITULARES SUS DERECHOS<\/strong><\/p><p><strong>Consultas:<\/strong>\u00a0los titulares o sus causahabientes podr\u00e1n consultar la informaci\u00f3n personal, elevar solicitudes a Euroetika SAS al correo habeasdata@euroetika.com las cuales ser\u00e1n atendidas por el responsable en un t\u00e9rmino m\u00e1ximo de 10 d\u00edas h\u00e1biles contados a partir de la presentaci\u00f3n de la misma. Si no fuere posible atenderla dentro de este t\u00e9rmino se informar\u00e1 al solicitante los motivos de la demora se\u00f1alando la fecha en que se atender\u00e1 dicha consulta sin exceder los 5 d\u00edas h\u00e1biles siguientes.<br \/><strong>Reclamos:<\/strong>\u00a0el titular o sus causahabientes que consideren que la informaci\u00f3n contenida en una de nuestras bases de datos debe ser corregida, actualizada o suprimida o tienen la presunci\u00f3n de incumplimiento por parte de Euroetika SAS, podr\u00e1n presentar un reclamo ante el responsable o encargado del tratamiento el cual ser\u00e1 tramitado bajo los siguientes par\u00e1metros:<\/p><ol><li>El reclamo se realizar\u00e1 mediante solicitud al correo electr\u00f3nico habeasdata@euroetika.com y\/o Euroetika SAS atenci\u00f3n habeas data calle 73 No. 22 \u2013 60 en Bogot\u00e1 con la identificaci\u00f3n del titular, la descripci\u00f3n clara y precisa de los hechos que dan lugar al reclamo, la direcci\u00f3n y los documentos que se quieran hacer valer. Si el reclamo resulta incompleto, Euroetika SAS requerir\u00e1 al reclamante dentro de los 5 d\u00edas h\u00e1biles siguientes a la recepci\u00f3n del mismo, para que subsane las fallas. Transcurridos dos meses calendario desde la fecha del requerimiento sin que el solicitante presente la informaci\u00f3n requerida se entender\u00e1 que ha desistido del reclamo. En caso de quien reciba el reclamo no sea competente para resolverlo dar\u00e1 traslado a quien corresponda en un t\u00e9rmino m\u00e1ximo de 2 d\u00edas h\u00e1biles siguientes e informar\u00e1 de la situaci\u00f3n al reclamante.\u00a0<\/li><li>Una vez recibido el reclamo completo, se incluir\u00e1 en la base de datos una leyenda que diga \u201creclamo tr\u00e1mite\u201d y el motivo del mismo, en un t\u00e9rmino no mayor a 2 d\u00edas h\u00e1biles. Esta leyenda deber\u00e1 mantenerse hasta que el reclamo sea atendido.<\/li><li>El t\u00e9rmino m\u00e1ximo para atender el reclamo ser\u00e1 de 15 d\u00edas h\u00e1biles, contados a partir del d\u00eda siguiente a la fecha en que se recibi\u00f3 el reclamo. Cuando no fuere posible atender el reclamo dentro de dicho t\u00e9rmino se informar\u00e1 al interesado los motivos de la demora, la fecha en que se atender\u00e1, la cual no podr\u00e1 exceder los 8 d\u00edas h\u00e1biles siguientes al vencimiento del primer t\u00e9rmino.<\/li><li>Cuando el reclamo se refiere a la supresi\u00f3n parcial o total de la informaci\u00f3n, Euroetika SAS deber\u00e1 proceder a la eliminaci\u00f3n de la misma; no obstante Euroetika SAS podr\u00e1 negarse cuando el titular tenga un deber legal o contractual de permanecer en la base de datos. En el caso que Euroetika SAS no elimine los datos dentro de los t\u00e9rminos legalmente establecidos el titular tendr\u00e1 derecho de solicitar a la superintendencia de industria y comercio que ordene la revocatoria de la supresi\u00f3n o eliminaci\u00f3n de los datos personales.<\/li><li>El titular s\u00f3lo podr\u00e1 elevar queja ante la superintendencia de industria y comercio una vez haya agotado el tr\u00e1mite de reclamo ante el responsable o encargado del tratamiento.<\/li><\/ol><p>\u00a0<\/p><p><strong>XI.\u00a0 OBLIGACIONES DE Euroetika SAS<\/strong><\/p><ol><li>Garantizar al titular en todo tiempo, en pleno y efectivo ejercicio del derecho de h\u00e1beas data.<\/li><li>Informar debidamente al titular sobre la finalidad de la recolecci\u00f3n y los derechos que le asisten.<\/li><li>Solicitar y conservar copia de la respectiva autorizaci\u00f3n otorgada por el titular.<\/li><li>Solicitar y conservar la informaci\u00f3n bajo las condiciones de seguridad necesarias para impedir su adulteraci\u00f3n, p\u00e9rdida, consulta, uso o acceso no autorizado o fraudulento.<\/li><li>Realizar dentro de los t\u00e9rminos establecidos por la ley la actualizaci\u00f3n, rectificaci\u00f3n o supresi\u00f3n de los datos.<\/li><li>Tramitar las consultas y los reclamos formulados por los titulares en los t\u00e9rminos se\u00f1alados por la ley.<\/li><li>Registrar en las bases de datos las leyendas \u201creclamo en tr\u00e1mite\u201d y\/o \u201cInformaci\u00f3n en discusi\u00f3n judicial\u201d.<\/li><li>Abstenerse de circular informaci\u00f3n que est\u00e9 siendo controvertida por el titular y cuyo bloqueo haya sido ordenado por la superintendencia de industria y comercio.<\/li><li>Permitir el acceso a la informaci\u00f3n \u00fanicamente al titular, las entidades de vigilancia y control y\/o a los entes jur\u00eddicos.<\/li><li>Informar a la superintendencia de industria y comercio cuando se presenten violaciones a los c\u00f3digos de seguridad y existan riesgos en la administraci\u00f3n de la informaci\u00f3n.<\/li><li>Cumplir las instrucciones y requerimientos que imparta la superintendencia de industria y comercio.<\/li><li>Construir un manual interno de pol\u00edticas y procedimientos para garantizar el adecuado cumplimiento de la ley 1581 del 2012 y en especial para la atenci\u00f3n y consultas de reclamos por parte de los titulares.<\/li><\/ol><p>\u00a0<\/p><p><strong>XII. TRANSFERENCIA DE DATOS A TERCEROS PA\u00cdSES<\/strong><br \/>\u2028Se proh\u00edbe la transferencia de datos personales a pa\u00edses que no proporcionen niveles adecuados de protecci\u00f3n de datos debiendo cumplir m\u00ednimo con los establecidos por nuestra superintendencia de industria y comercio los cuales en ning\u00fan caso podr\u00e1n ser inferiores a los exigidos por la ley 1581 del 2012. Esta prohibici\u00f3n no regir\u00e1 para:<\/p><ol><li>Informaci\u00f3n respecto de la cual el titular haya otorgado su autorizaci\u00f3n expresa e inequ\u00edvoca para la transferencia.\u2028<\/li><li>Intercambio de datos de car\u00e1cter m\u00e9dico, cuando as\u00ed lo exija el tratamiento del titular por razones de salud o higiene p\u00fablica.\u2028<\/li><li>Transferencias bancarias o burs\u00e1tiles, conforme a la legislaci\u00f3n que les resulte aplicable.\u2028<\/li><li>Transferencias acordadas en el marco de tratados internacionales en los cuales la Rep\u00fablica de Colombia sea parte, con fundamento en el principio de reciprocidad.\u2028<\/li><li>Transferencias necesarias para la ejecuci\u00f3n de un contrato entre el titular y el responsable del tratamiento, o para la ejecuci\u00f3n de medidas precontractuales siempre y cuando se cuente con la autorizaci\u00f3n del titular.\u2028<\/li><li>Transferencias legalmente exigidas para la salvaguardia del inter\u00e9s p\u00fablico, o para el reconocimiento, ejercicio o defensa de un derecho en proceso judicial.<\/li><\/ol><p>\u00a0<\/p><p><strong>XIII. VARIOS<\/strong><br \/>Esta pol\u00edtica ser\u00e1 modificada, reformada y\/o actualizada cuando la ley as\u00ed lo establezca.<\/p>\t\t\t\t\t\t\t\t<\/div>\n\t\t\t\t<\/div>\n\t\t\t\t<div class=\"elementor-element elementor-element-b08c4d2 elementor-widget elementor-widget-button\" data-id=\"b08c4d2\" data-element_type=\"widget\" data-widget_type=\"button.default\">\n\t\t\t\t<div class=\"elementor-widget-container\">\n\t\t\t\t\t\t\t\t\t<div class=\"elementor-button-wrapper\">\n\t\t\t\t\t<a class=\"elementor-button elementor-button-link elementor-size-sm\" href=\"https:\/\/euroetika.com\/en\">\n\t\t\t\t\t\t<span class=\"elementor-button-content-wrapper\">\n\t\t\t\t\t\t\t\t\t<span class=\"elementor-button-text\">Volver al inicio<\/span>\n\t\t\t\t\t<\/span>\n\t\t\t\t\t<\/a>\n\t\t\t\t<\/div>\n\t\t\t\t\t\t\t\t<\/div>\n\t\t\t\t<\/div>\n\t\t\t\t\t<\/div>\n\t\t\t\t<\/div>\n\t\t\t\t<\/div>\n\t\t","protected":false},"excerpt":{"rendered":"<p>Inicio Pol\u00edtica de tratamiento de datos personales I. OBJETO\u2028La presente pol\u00edtica expedida por Euroetika SAS para el tratamiento de datos personales tiene el prop\u00f3sito de dar un tratamiento legal a las bases de datos personales para el estricto cumplimiento de la ley 1581 del 2012, decreto 1377 del 2013, decreto 886 del 2014 y dem\u00e1s [&hellip;]<\/p>\n","protected":false},"author":1,"featured_media":0,"parent":0,"menu_order":0,"comment_status":"closed","ping_status":"closed","template":"","meta":{"footnotes":""},"class_list":["post-672","page","type-page","status-publish","hentry"],"_links":{"self":[{"href":"https:\/\/euroetika.com\/en\/wp-json\/wp\/v2\/pages\/672","targetHints":{"allow":["GET"]}}],"collection":[{"href":"https:\/\/euroetika.com\/en\/wp-json\/wp\/v2\/pages"}],"about":[{"href":"https:\/\/euroetika.com\/en\/wp-json\/wp\/v2\/types\/page"}],"author":[{"embeddable":true,"href":"https:\/\/euroetika.com\/en\/wp-json\/wp\/v2\/users\/1"}],"replies":[{"embeddable":true,"href":"https:\/\/euroetika.com\/en\/wp-json\/wp\/v2\/comments?post=672"}],"version-history":[{"count":8,"href":"https:\/\/euroetika.com\/en\/wp-json\/wp\/v2\/pages\/672\/revisions"}],"predecessor-version":[{"id":1578,"href":"https:\/\/euroetika.com\/en\/wp-json\/wp\/v2\/pages\/672\/revisions\/1578"}],"wp:attachment":[{"href":"https:\/\/euroetika.com\/en\/wp-json\/wp\/v2\/media?parent=672"}],"curies":[{"name":"wp","href":"https:\/\/api.w.org\/{rel}","templated":true}]}}