{"id":1097,"date":"2024-11-25T22:57:50","date_gmt":"2024-11-25T22:57:50","guid":{"rendered":"https:\/\/euroetika.com\/en\/producto\/fitovete-ayuda-a-curar-las-heridas-de-animales-euroetika\/"},"modified":"2025-04-21T00:25:19","modified_gmt":"2025-04-21T00:25:19","slug":"fitovete-ayuda-a-curar-las-heridas-de-animales-euroetika","status":"publish","type":"product","link":"https:\/\/euroetika.com\/en\/product\/fitovete-ayuda-a-curar-las-heridas-de-animales-euroetika\/","title":{"rendered":"Fitovete \u00ae &#8211; Ayuda a curar las heridas de animales| Euroetika"},"content":{"rendered":"<p>Fitovete Crema es un producto t\u00f3pico utilizado en veterinaria, acelera la curaci\u00f3n de heridas de animales como quemaduras, raspaduras, cortes, mordeduras y hot spot. Ayuda a la recuperaci\u00f3n de la piel da\u00f1ada.<br \/>\n\u2022 Promueve la r\u00e1pida recuperaci\u00f3n de la piel irritada o da\u00f1ada.<br \/>\n\u2022 Forma una barrera protectora para calmar la piel irritada y sensible.<br \/>\n\u2022 Mejora la apariencia de la piel de tu mascota.<br \/>\n\u2022 Proporciona efectos antioxidantes.<br \/>\n\u2022 Libre de fragancias, parabenos, sulfatos, colorantes, antibi\u00f3ticos y corticosteroides.<br \/>\n\u2022 Seguro para mascotas.<br \/>\n\u2022 Sin gluten.&#8221;<\/p>\n","protected":false},"excerpt":{"rendered":"<p>Acelera la curaci\u00f3n de heridas de animales como quemaduras, raspaduras, cortes, mordeduras y hot spot<\/p>\n","protected":false},"featured_media":1143,"comment_status":"closed","ping_status":"closed","template":"","meta":[],"product_brand":[],"product_cat":[33,38],"product_tag":[],"class_list":{"0":"post-1097","1":"product","2":"type-product","3":"status-publish","4":"has-post-thumbnail","6":"product_cat-animal-health","7":"product_cat-veterinary-medication","9":"first","10":"instock","11":"product-type-simple"},"_links":{"self":[{"href":"https:\/\/euroetika.com\/en\/wp-json\/wp\/v2\/product\/1097","targetHints":{"allow":["GET"]}}],"collection":[{"href":"https:\/\/euroetika.com\/en\/wp-json\/wp\/v2\/product"}],"about":[{"href":"https:\/\/euroetika.com\/en\/wp-json\/wp\/v2\/types\/product"}],"replies":[{"embeddable":true,"href":"https:\/\/euroetika.com\/en\/wp-json\/wp\/v2\/comments?post=1097"}],"wp:featuredmedia":[{"embeddable":true,"href":"https:\/\/euroetika.com\/en\/wp-json\/wp\/v2\/media\/1143"}],"wp:attachment":[{"href":"https:\/\/euroetika.com\/en\/wp-json\/wp\/v2\/media?parent=1097"}],"wp:term":[{"taxonomy":"product_brand","embeddable":true,"href":"https:\/\/euroetika.com\/en\/wp-json\/wp\/v2\/product_brand?post=1097"},{"taxonomy":"product_cat","embeddable":true,"href":"https:\/\/euroetika.com\/en\/wp-json\/wp\/v2\/product_cat?post=1097"},{"taxonomy":"product_tag","embeddable":true,"href":"https:\/\/euroetika.com\/en\/wp-json\/wp\/v2\/product_tag?post=1097"}],"curies":[{"name":"wp","href":"https:\/\/api.w.org\/{rel}","templated":true}]}}